{"id":22991,"date":"2025-06-15T17:18:23","date_gmt":"2025-06-15T15:18:23","guid":{"rendered":"https:\/\/www.stophornet.com\/products\/hornet-treatment\/"},"modified":"2026-02-22T15:06:34","modified_gmt":"2026-02-22T14:06:34","slug":"hornet-treatment","status":"publish","type":"product","link":"https:\/\/www.stophornet.com\/hu\/products\/hornet-treatment\/","title":{"rendered":"Szer l\u00f3darazsak ellen"},"content":{"rendered":"<p><strong data-mce-fragment=\"1\"><img decoding=\"async\" src=\"https:\/\/www.stophornet.com\/wp-content\/uploads\/2025\/06\/Feedbin-Icon-check.svg_8faf4e0b-f89d-486c-aa08-b431a33525ea_icon.png?v=1541148886\" alt=\"\" width=\"18\" height=\"15\" data-mce-fragment=\"1\" \/>\u00a0 \u00a0A leggyorsabb megold\u00e1s:<\/strong> a term\u00e9k alkalmaz\u00e1s\u00e1t\u00f3l sz\u00e1m\u00edtott 15 percen bel\u00fcl megszabadul a f\u00e9szekt\u0151l.<\/p>\n<p data-mce-fragment=\"1\"><span data-mce-fragment=\"1\">\u00a0<\/span><strong data-mce-fragment=\"1\"><img decoding=\"async\" src=\"https:\/\/www.stophornet.com\/wp-content\/uploads\/2025\/06\/Feedbin-Icon-check.svg_8faf4e0b-f89d-486c-aa08-b431a33525ea_icon.png?v=1541148886\" alt=\"\" width=\"18\" height=\"15\" data-mce-fragment=\"1\" \/>\u00a0 \u00a0\u00a0<\/strong>Alkalmas \u00e1zsiai l\u00f3darazsak, eur\u00f3pai l\u00f3darazsak, darazsak, dong\u00f3k \u00e9s mindenf\u00e9le vespoid\u00e1k ellen.<\/p>\n<p data-mce-fragment=\"1\"><span data-mce-fragment=\"1\">\u00a0<\/span><strong data-mce-fragment=\"1\"><img decoding=\"async\" src=\"https:\/\/www.stophornet.com\/wp-content\/uploads\/2025\/06\/Feedbin-Icon-check.svg_8faf4e0b-f89d-486c-aa08-b431a33525ea_icon.png?v=1541148886\" alt=\"\" width=\"18\" height=\"15\" data-mce-fragment=\"1\" \/>\u00a0 \u00a0\u00a0<\/strong>Az egyetlen kezel\u00e9s, amely biztos\u00edtja az 100% siker\u00e9t.<\/p>\n<p data-mce-fragment=\"1\"><span data-mce-fragment=\"1\">\u00a0<\/span><strong data-mce-fragment=\"1\"><img decoding=\"async\" src=\"https:\/\/www.stophornet.com\/wp-content\/uploads\/2025\/06\/Feedbin-Icon-check.svg_8faf4e0b-f89d-486c-aa08-b431a33525ea_icon.png?v=1541148886\" alt=\"\" width=\"18\" height=\"15\" data-mce-fragment=\"1\" \/>\u00a0 \u00a0\u00a0Hossz\u00fa t\u00e1von,<\/strong> 6 h\u00f3napig garant\u00e1ltan tart\u00f3s hat\u00e1s.<\/p>\n<p data-mce-fragment=\"1\"><span data-mce-fragment=\"1\">\u00a0<\/span><strong data-mce-fragment=\"1\"><img decoding=\"async\" src=\"https:\/\/www.stophornet.com\/wp-content\/uploads\/2025\/06\/Feedbin-Icon-check.svg_8faf4e0b-f89d-486c-aa08-b431a33525ea_icon.png?v=1541148886\" alt=\"\" width=\"18\" height=\"15\" data-mce-fragment=\"1\" \/>\u00a0 \u00a0\u00a0Biztons\u00e1gos<\/strong> a felhaszn\u00e1l\u00f3k sz\u00e1m\u00e1ra.<\/p>\n<p data-mce-fragment=\"1\"><span data-mce-fragment=\"1\">\u00a0<\/span><strong data-mce-fragment=\"1\"><img decoding=\"async\" src=\"https:\/\/www.stophornet.com\/wp-content\/uploads\/2025\/06\/Feedbin-Icon-check.svg_8faf4e0b-f89d-486c-aa08-b431a33525ea_icon.png?v=1541148886\" alt=\"\" width=\"18\" height=\"15\" data-mce-fragment=\"1\" \/>\u00a0 \u00a0\u00a0K\u00f6lts\u00e9gvet\u00e9s-bar\u00e1t:<\/strong> 1 liter term\u00e9k 20 f\u00e9szek kezel\u00e9s\u00e9re alkalmas.<\/p>\n<p data-mce-fragment=\"1\"><span data-mce-fragment=\"1\">\u00a0<\/span><strong data-mce-fragment=\"1\"><img decoding=\"async\" src=\"https:\/\/www.stophornet.com\/wp-content\/uploads\/2025\/06\/Feedbin-Icon-check.svg_8faf4e0b-f89d-486c-aa08-b431a33525ea_icon.png?v=1541148886\" alt=\"\" width=\"18\" height=\"15\" data-mce-fragment=\"1\" \/>\u00a0 \u00a0\u00a0Nagy hat\u00f3t\u00e1vols\u00e1g\u00fa<\/strong> a permetez\u0151 egy 20 m\u00e9terre l\u00e9v\u0151 f\u00e9szket is el\u00e9r.<\/p>\n<p data-mce-fragment=\"1\"><span data-mce-fragment=\"1\">\u00a0<\/span><strong data-mce-fragment=\"1\"><img decoding=\"async\" src=\"https:\/\/www.stophornet.com\/wp-content\/uploads\/2025\/06\/Feedbin-Icon-check.svg_8faf4e0b-f89d-486c-aa08-b431a33525ea_icon.png?v=1541148886\" alt=\"\" width=\"18\" height=\"15\" data-mce-fragment=\"1\" \/>\u00a0 \u00a0\u00a0K\u00f6nnyen haszn\u00e1lhat\u00f3:<\/strong> egyszer\u0171en permetezze be a f\u00e9szket vagy az \u00e9rintett ter\u00fcleteket (tet\u0151k, falak, medenc\u00e9k), vagy k\u00f6zvetlen\u00fcl az egyes rovarokra.<\/p>\n<p data-mce-fragment=\"1\"><span data-mce-fragment=\"1\">\u00a0<\/span><strong data-mce-fragment=\"1\"><img decoding=\"async\" src=\"https:\/\/www.stophornet.com\/wp-content\/uploads\/2025\/06\/Feedbin-Icon-check.svg_8faf4e0b-f89d-486c-aa08-b431a33525ea_icon.png?v=1541148886\" alt=\"\" width=\"18\" height=\"15\" data-mce-fragment=\"1\" \/>\u00a0 \u00a0\u00a0<\/strong>A kezel\u00e9s <strong>nem provok\u00e1l<\/strong> agressz\u00edv viselked\u00e9s a f\u00e9szekb\u0151l. A folyad\u00e9k szagtalan \u00e9s a hull\u00f3 es\u0151re hasonl\u00edt.<\/p>\n<p data-mce-fragment=\"1\"><span data-mce-fragment=\"1\">\u00a0<\/span><strong data-mce-fragment=\"1\"><img decoding=\"async\" src=\"https:\/\/www.stophornet.com\/wp-content\/uploads\/2025\/06\/Feedbin-Icon-check.svg_8faf4e0b-f89d-486c-aa08-b431a33525ea_icon.png?v=1541148886\" alt=\"\" width=\"18\" height=\"15\" data-mce-fragment=\"1\" \/>\u00a0 \u00a0<\/strong>A term\u00e9k a rovarok \u00e9rintkez\u00e9se sor\u00e1n \u00e1tad\u00f3dik a rovarok k\u00f6z\u00f6tt, ez\u00e1ltal <strong>a f\u00e9szken bel\u00fcli \u00e9s k\u00edv\u00fcli rovarok elt\u00e1vol\u00edt\u00e1sa.<\/strong><\/p>\n<p data-mce-fragment=\"1\"><strong>Haszn\u00e1lati utas\u00edt\u00e1s:<\/strong><\/p>\n<ul>\n<li>Ha kis helyen tart\u00f3zkodik (a f\u00e9szek 3 m\u00e9tern\u00e9l kisebb t\u00e1vols\u00e1gban van), aj\u00e1nlott v\u00e9d\u0151ruh\u00e1t vagy v\u00e9d\u0151ruh\u00e1zatot viselni.<\/li>\n<li>\u00dcgyeljen arra, hogy a palack f\u00fav\u00f3k\u00e1j\u00e1t permetez\u0151 \u00fczemm\u00f3dra \u00e1ll\u00edtsa (ne porlaszt\u00f3 \u00fczemm\u00f3dra).<\/li>\n<li>R\u00e1zza fel a term\u00e9ket, \u00e9s gy\u0151z\u0151dj\u00f6n meg r\u00f3la, hogy nincs \u00fcled\u00e9k az alj\u00e1n.<\/li>\n<li>C\u00e9lozza meg a f\u00e9szket, \u00e9s ha teheti, c\u00e9lozza meg a f\u00e9szek bej\u00e1rati helyeit, hogy a term\u00e9k biztosan bejusson a f\u00e9szek belsej\u00e9be.<\/li>\n<li>F\u00fajja be 10 alkalommal, majd el\u0151vigy\u00e1zatoss\u00e1gb\u00f3l t\u00e1volodjon el a f\u00e9szekt\u0151l.<\/li>\n<li>Az \u00f6sszes rovar 15 perc eltelt\u00e9vel elpusztul, \u00e9s a f\u00e9szekbe k\u00edv\u00fclr\u0151l visszat\u00e9r\u0151 rovarok 15 percen bel\u00fcl elpusztulnak.<\/li>\n<li>A f\u00fav\u00f3k\u00e1t \u00fagy is be\u00e1ll\u00edthatja, hogy a term\u00e9ket k\u00f6zvetlen\u00fcl az egyes rovarokra permetezze.<\/li>\n<\/ul>\n<p data-mce-fragment=\"1\"><em><strong>\u00d6sszet\u00e9tel: <\/strong>Permethrin 10g\/l - Er\u0151s ut\u00f3hat\u00e1st garant\u00e1l\u00f3 formula<\/em><\/p>","protected":false},"excerpt":{"rendered":"<p>\u00a0 \u00a0The quickest solution: gets rid of the nest within 15 minutes of applying the product. \u00a0\u00a0 \u00a0\u00a0Suitable for Asian hornets, European hornets, wasps, bumblebees, and all kinds of vespoids. \u00a0\u00a0 \u00a0\u00a0The only treatment that ensures you 100% success. \u00a0\u00a0 \u00a0\u00a0Long-term, lasting effect for 6 months guaranteed. \u00a0\u00a0 \u00a0\u00a0Safe for users. \u00a0\u00a0 \u00a0\u00a0Budget-friendly: 1 liter [&hellip;]<\/p>\n","protected":false},"featured_media":22998,"comment_status":"open","ping_status":"closed","template":"","meta":{"_uag_custom_page_level_css":"","site-sidebar-layout":"default","site-content-layout":"","ast-site-content-layout":"default","site-content-style":"default","site-sidebar-style":"default","ast-global-header-display":"","ast-banner-title-visibility":"","ast-main-header-display":"","ast-hfb-above-header-display":"","ast-hfb-below-header-display":"","ast-hfb-mobile-header-display":"","site-post-title":"","ast-breadcrumbs-content":"","ast-featured-img":"","footer-sml-layout":"","ast-disable-related-posts":"","theme-transparent-header-meta":"default","adv-header-id-meta":"","stick-header-meta":"","header-above-stick-meta":"","header-main-stick-meta":"","header-below-stick-meta":"","astra-migrate-meta-layouts":"set","ast-page-background-enabled":"default","ast-page-background-meta":{"desktop":{"background-color":"var(--ast-global-color-4)","background-image":"","background-repeat":"repeat","background-position":"center center","background-size":"auto","background-attachment":"scroll","background-type":"","background-media":"","overlay-type":"","overlay-color":"","overlay-opacity":"","overlay-gradient":""},"tablet":{"background-color":"","background-image":"","background-repeat":"repeat","background-position":"center center","background-size":"auto","background-attachment":"scroll","background-type":"","background-media":"","overlay-type":"","overlay-color":"","overlay-opacity":"","overlay-gradient":""},"mobile":{"background-color":"","background-image":"","background-repeat":"repeat","background-position":"center center","background-size":"auto","background-attachment":"scroll","background-type":"","background-media":"","overlay-type":"","overlay-color":"","overlay-opacity":"","overlay-gradient":""}},"ast-content-background-meta":{"desktop":{"background-color":"var(--ast-global-color-5)","background-image":"","background-repeat":"repeat","background-position":"center center","background-size":"auto","background-attachment":"scroll","background-type":"","background-media":"","overlay-type":"","overlay-color":"","overlay-opacity":"","overlay-gradient":""},"tablet":{"background-color":"var(--ast-global-color-5)","background-image":"","background-repeat":"repeat","background-position":"center center","background-size":"auto","background-attachment":"scroll","background-type":"","background-media":"","overlay-type":"","overlay-color":"","overlay-opacity":"","overlay-gradient":""},"mobile":{"background-color":"var(--ast-global-color-5)","background-image":"","background-repeat":"repeat","background-position":"center center","background-size":"auto","background-attachment":"scroll","background-type":"","background-media":"","overlay-type":"","overlay-color":"","overlay-opacity":"","overlay-gradient":""}}},"product_brand":[],"product_cat":[15],"product_tag":[],"class_list":{"0":"post-22991","1":"product","2":"type-product","3":"status-publish","4":"has-post-thumbnail","6":"product_cat-shop","7":"desktop-align-left","8":"tablet-align-left","9":"mobile-align-left","11":"first","12":"instock","13":"sale","14":"taxable","15":"shipping-taxable","16":"purchasable","17":"product-type-variable","18":"has-default-attributes"},"spectra_custom_meta":{"_visibility":["visible"],"_shopify_product_id":["7546055655654"],"_s2w_shopify_domain":["stophornet1.myshopify.com"],"_shopify_variant_id":["42338218967270"],"_manage_stock":["no"],"total_sales":["6"],"_tax_status":["taxable"],"_tax_class":[""],"_backorders":["no"],"_sold_individually":["no"],"_virtual":["no"],"_downloadable":["no"],"_download_limit":["-1"],"_download_expiry":["-1"],"_stock":[null],"_stock_status":["instock"],"_wc_average_rating":["4.90"],"_wc_review_count":["234"],"_product_attributes":["a:1:{s:6:\"volume\";a:6:{s:4:\"name\";s:6:\"Volume\";s:5:\"value\";s:30:\"1 liter | 5 liters | 25 liters\";s:8:\"position\";i:1;s:10:\"is_visible\";i:0;s:12:\"is_variation\";i:1;s:11:\"is_taxonomy\";i:0;}}"],"_product_version":["10.5.2"],"_product_image_gallery":["22999,23001"],"_edit_lock":["1771844027:1"],"_edit_last":["1"],"_wp_page_template":["default"],"site-sidebar-layout":["default"],"ast-site-content-layout":["default"],"site-content-style":["default"],"site-sidebar-style":["default"],"theme-transparent-header-meta":["default"],"merchant-center-id":["HOR"],"merchant-center-category":["512"],"merchant-center-availability":["yes"],"_wc_rating_count":["a:3:{i:3;i:2;i:4;i:19;i:5;i:213;}"],"_thumbnail_id":["22998"],"_default_attributes":["a:1:{s:6:\"volume\";s:7:\"1 liter\";}"],"_price":["29.90","129.90","499.90"],"astra-migrate-meta-layouts":["set"],"_uag_css_file_name":["uag-css-22991.css"],"_elementor_page_assets":["a:0:{}"],"_uag_page_assets":["a:9:{s:3:\"css\";s:7133:\".uag-blocks-common-selector{z-index:var(--z-index-desktop) !important}@media(max-width: 976px){.uag-blocks-common-selector{z-index:var(--z-index-tablet) !important}}@media(max-width: 767px){.uag-blocks-common-selector{z-index:var(--z-index-mobile) !important}}.wp-block-uagb-image{display:flex}.wp-block-uagb-image__figure{position:relative;display:flex;flex-direction:column;max-width:100%;height:auto;margin:0}.wp-block-uagb-image__figure img{height:auto;display:flex;max-width:100%;transition:box-shadow .2s ease}.wp-block-uagb-image__figure>a{display:inline-block}.wp-block-uagb-image__figure figcaption{text-align:center;margin-top:.5em;margin-bottom:1em}.wp-block-uagb-image .components-placeholder.block-editor-media-placeholder .components-placeholder__instructions{align-self:center}.wp-block-uagb-image--align-left{text-align:left}.wp-block-uagb-image--align-right{text-align:right}.wp-block-uagb-image--align-center{text-align:center}.wp-block-uagb-image--align-full .wp-block-uagb-image__figure{margin-left:calc(50% - 50vw);margin-right:calc(50% - 50vw);max-width:100vw;width:100vw;height:auto}.wp-block-uagb-image--align-full .wp-block-uagb-image__figure img{height:auto;width:100% !important}.wp-block-uagb-image--align-wide .wp-block-uagb-image__figure img{height:auto;width:100%}.wp-block-uagb-image--layout-overlay__color-wrapper{position:absolute;left:0;top:0;right:0;bottom:0;opacity:.2;background:rgba(0,0,0,.5);transition:opacity .35s ease-in-out}.wp-block-uagb-image--layout-overlay-link{position:absolute;left:0;right:0;bottom:0;top:0}.wp-block-uagb-image--layout-overlay .wp-block-uagb-image__figure:hover .wp-block-uagb-image--layout-overlay__color-wrapper{opacity:1}.wp-block-uagb-image--layout-overlay__inner{position:absolute;left:15px;right:15px;bottom:15px;top:15px;display:flex;align-items:center;justify-content:center;flex-direction:column;border-color:#fff;transition:.35s ease-in-out}.wp-block-uagb-image--layout-overlay__inner.top-left,.wp-block-uagb-image--layout-overlay__inner.top-center,.wp-block-uagb-image--layout-overlay__inner.top-right{justify-content:flex-start}.wp-block-uagb-image--layout-overlay__inner.bottom-left,.wp-block-uagb-image--layout-overlay__inner.bottom-center,.wp-block-uagb-image--layout-overlay__inner.bottom-right{justify-content:flex-end}.wp-block-uagb-image--layout-overlay__inner.top-left,.wp-block-uagb-image--layout-overlay__inner.center-left,.wp-block-uagb-image--layout-overlay__inner.bottom-left{align-items:flex-start}.wp-block-uagb-image--layout-overlay__inner.top-right,.wp-block-uagb-image--layout-overlay__inner.center-right,.wp-block-uagb-image--layout-overlay__inner.bottom-right{align-items:flex-end}.wp-block-uagb-image--layout-overlay__inner .uagb-image-heading{color:#fff;transition:transform .35s,opacity .35s ease-in-out;transform:translate3d(0, 24px, 0);margin:0;line-height:1em}.wp-block-uagb-image--layout-overlay__inner .uagb-image-separator{width:30%;border-top-width:2px;border-top-color:#fff;border-top-style:solid;margin-bottom:10px;opacity:0;transition:transform .4s,opacity .4s ease-in-out;transform:translate3d(0, 30px, 0)}.wp-block-uagb-image--layout-overlay__inner .uagb-image-caption{opacity:0;overflow:visible;color:#fff;transition:transform .45s,opacity .45s ease-in-out;transform:translate3d(0, 35px, 0)}.wp-block-uagb-image--layout-overlay__inner:hover .uagb-image-heading,.wp-block-uagb-image--layout-overlay__inner:hover .uagb-image-separator,.wp-block-uagb-image--layout-overlay__inner:hover .uagb-image-caption{opacity:1;transform:translate3d(0, 0, 0)}.wp-block-uagb-image--effect-zoomin .wp-block-uagb-image__figure img,.wp-block-uagb-image--effect-zoomin .wp-block-uagb-image__figure .wp-block-uagb-image--layout-overlay__color-wrapper{transform:scale(1);transition:transform .35s ease-in-out}.wp-block-uagb-image--effect-zoomin .wp-block-uagb-image__figure:hover img,.wp-block-uagb-image--effect-zoomin .wp-block-uagb-image__figure:hover .wp-block-uagb-image--layout-overlay__color-wrapper{transform:scale(1.05)}.wp-block-uagb-image--effect-slide .wp-block-uagb-image__figure img,.wp-block-uagb-image--effect-slide .wp-block-uagb-image__figure .wp-block-uagb-image--layout-overlay__color-wrapper{width:calc(100% + 40px) !important;max-width:none !important;transform:translate3d(-40px, 0, 0);transition:transform .35s ease-in-out}.wp-block-uagb-image--effect-slide .wp-block-uagb-image__figure:hover img,.wp-block-uagb-image--effect-slide .wp-block-uagb-image__figure:hover .wp-block-uagb-image--layout-overlay__color-wrapper{transform:translate3d(0, 0, 0)}.wp-block-uagb-image--effect-grayscale img{filter:grayscale(0%);transition:.35s ease-in-out}.wp-block-uagb-image--effect-grayscale:hover img{filter:grayscale(100%)}.wp-block-uagb-image--effect-blur img{filter:blur(0);transition:.35s ease-in-out}.wp-block-uagb-image--effect-blur:hover img{filter:blur(3px)}.uagb-block-e6f939b3.wp-block-uagb-image--layout-default figure img{box-shadow: 0px 0px 0 #00000070;}.uagb-block-e6f939b3.wp-block-uagb-image .wp-block-uagb-image__figure figcaption{font-style: normal;align-self: center;}.uagb-block-e6f939b3.wp-block-uagb-image--layout-overlay figure img{box-shadow: 0px 0px 0 #00000070;}.uagb-block-e6f939b3.wp-block-uagb-image--layout-overlay .wp-block-uagb-image--layout-overlay__color-wrapper{opacity: 0.2;}.uagb-block-e6f939b3.wp-block-uagb-image--layout-overlay .wp-block-uagb-image--layout-overlay__inner{left: 15px;right: 15px;top: 15px;bottom: 15px;}.uagb-block-e6f939b3.wp-block-uagb-image--layout-overlay .wp-block-uagb-image--layout-overlay__inner .uagb-image-heading{font-style: normal;color: #fff;opacity: 1;}.uagb-block-e6f939b3.wp-block-uagb-image--layout-overlay .wp-block-uagb-image--layout-overlay__inner .uagb-image-heading a{color: #fff;}.uagb-block-e6f939b3.wp-block-uagb-image--layout-overlay .wp-block-uagb-image--layout-overlay__inner .uagb-image-caption{opacity: 0;}.uagb-block-e6f939b3.wp-block-uagb-image--layout-overlay .wp-block-uagb-image__figure:hover .wp-block-uagb-image--layout-overlay__color-wrapper{opacity: 1;}.uagb-block-e6f939b3.wp-block-uagb-image .wp-block-uagb-image--layout-overlay__inner .uagb-image-separator{width: 30%;border-top-width: 2px;border-top-color: #fff;opacity: 0;}.uagb-block-e6f939b3.wp-block-uagb-image .wp-block-uagb-image__figure img{width: px;height: auto;}.uagb-block-e6f939b3.wp-block-uagb-image .wp-block-uagb-image__figure:hover .wp-block-uagb-image--layout-overlay__inner .uagb-image-caption{opacity: 1;}.uagb-block-e6f939b3.wp-block-uagb-image .wp-block-uagb-image__figure:hover .wp-block-uagb-image--layout-overlay__inner .uagb-image-separator{opacity: 1;}.uagb-block-e6f939b3.wp-block-uagb-image--layout-default figure:hover img{box-shadow: 0px 0px 0 #00000070;}.uagb-block-e6f939b3.wp-block-uagb-image--layout-overlay figure:hover img{box-shadow: 0px 0px 0 #00000070;}@media only screen and (max-width: 976px) {.uagb-block-e6f939b3.wp-block-uagb-image .wp-block-uagb-image__figure img{width: px;height: auto;}}@media only screen and (max-width: 767px) {.uagb-block-e6f939b3.wp-block-uagb-image .wp-block-uagb-image__figure img{width: px;height: auto;}}\";s:2:\"js\";s:0:\"\";s:18:\"current_block_list\";a:13:{i:0;s:11:\"core\/search\";i:1;s:10:\"core\/group\";i:2;s:12:\"core\/heading\";i:3;s:17:\"core\/latest-posts\";i:4;s:20:\"core\/latest-comments\";i:5;s:13:\"core\/archives\";i:6;s:15:\"core\/categories\";i:7;s:14:\"core\/paragraph\";i:8;s:10:\"uagb\/image\";i:9;s:11:\"core\/spacer\";i:10;s:30:\"woocommerce\/product-categories\";i:11;s:10:\"core\/image\";i:12;s:14:\"core\/shortcode\";}s:8:\"uag_flag\";b:1;s:11:\"uag_version\";s:10:\"1777546207\";s:6:\"gfonts\";a:0:{}s:10:\"gfonts_url\";s:0:\"\";s:12:\"gfonts_files\";a:0:{}s:14:\"uag_faq_layout\";b:0;}"]},"uagb_featured_image_src":{"full":["https:\/\/www.stophornet.com\/wp-content\/uploads\/2025\/06\/1LHornetTreatement.jpg",2560,2560,false],"thumbnail":["https:\/\/www.stophornet.com\/wp-content\/uploads\/2025\/06\/1LHornetTreatement-150x150.jpg",150,150,true],"medium":["https:\/\/www.stophornet.com\/wp-content\/uploads\/2025\/06\/1LHornetTreatement-300x300.jpg",300,300,true],"medium_large":["https:\/\/www.stophornet.com\/wp-content\/uploads\/2025\/06\/1LHornetTreatement-768x768.jpg",768,768,true],"large":["https:\/\/www.stophornet.com\/wp-content\/uploads\/2025\/06\/1LHornetTreatement-1024x1024.jpg",1024,1024,true],"1536x1536":["https:\/\/www.stophornet.com\/wp-content\/uploads\/2025\/06\/1LHornetTreatement-1536x1536.jpg",1536,1536,true],"2048x2048":["https:\/\/www.stophornet.com\/wp-content\/uploads\/2025\/06\/1LHornetTreatement-2048x2048.jpg",2048,2048,true],"trp-custom-language-flag":["https:\/\/www.stophornet.com\/wp-content\/uploads\/2025\/06\/1LHornetTreatement-12x12.jpg",12,12,true],"woocommerce_thumbnail":["https:\/\/www.stophornet.com\/wp-content\/uploads\/2025\/06\/1LHornetTreatement-300x300.jpg",300,300,true],"woocommerce_single":["https:\/\/www.stophornet.com\/wp-content\/uploads\/2025\/06\/elementor\/thumbs\/1LHornetTreatement-rjklyi109z6rdbubz6ny4avw9acnywmb73kvj8ikq8.jpg",600,600,true],"woocommerce_gallery_thumbnail":["https:\/\/www.stophornet.com\/wp-content\/uploads\/2025\/06\/1LHornetTreatement-100x100.jpg",100,100,true]},"uagb_author_info":{"display_name":"admin","author_link":"https:\/\/www.stophornet.com\/hu\/author\/"},"uagb_comment_info":234,"uagb_excerpt":"\u00a0 \u00a0The quickest solution: gets rid of the nest within 15 minutes of applying the product. \u00a0\u00a0 \u00a0\u00a0Suitable for Asian hornets, European hornets, wasps, bumblebees, and all kinds of vespoids. \u00a0\u00a0 \u00a0\u00a0The only treatment that ensures you 100% success. \u00a0\u00a0 \u00a0\u00a0Long-term, lasting effect for 6 months guaranteed. \u00a0\u00a0 \u00a0\u00a0Safe for users. \u00a0\u00a0 \u00a0\u00a0Budget-friendly: 1 liter&hellip;","_links":{"self":[{"href":"https:\/\/www.stophornet.com\/hu\/wp-json\/wp\/v2\/product\/22991","targetHints":{"allow":["GET"]}}],"collection":[{"href":"https:\/\/www.stophornet.com\/hu\/wp-json\/wp\/v2\/product"}],"about":[{"href":"https:\/\/www.stophornet.com\/hu\/wp-json\/wp\/v2\/types\/product"}],"replies":[{"embeddable":true,"href":"https:\/\/www.stophornet.com\/hu\/wp-json\/wp\/v2\/comments?post=22991"}],"version-history":[{"count":3,"href":"https:\/\/www.stophornet.com\/hu\/wp-json\/wp\/v2\/product\/22991\/revisions"}],"predecessor-version":[{"id":23286,"href":"https:\/\/www.stophornet.com\/hu\/wp-json\/wp\/v2\/product\/22991\/revisions\/23286"}],"wp:featuredmedia":[{"embeddable":true,"href":"https:\/\/www.stophornet.com\/hu\/wp-json\/wp\/v2\/media\/22998"}],"wp:attachment":[{"href":"https:\/\/www.stophornet.com\/hu\/wp-json\/wp\/v2\/media?parent=22991"}],"wp:term":[{"taxonomy":"product_brand","embeddable":true,"href":"https:\/\/www.stophornet.com\/hu\/wp-json\/wp\/v2\/product_brand?post=22991"},{"taxonomy":"product_cat","embeddable":true,"href":"https:\/\/www.stophornet.com\/hu\/wp-json\/wp\/v2\/product_cat?post=22991"},{"taxonomy":"product_tag","embeddable":true,"href":"https:\/\/www.stophornet.com\/hu\/wp-json\/wp\/v2\/product_tag?post=22991"}],"curies":[{"name":"wp","href":"https:\/\/api.w.org\/{rel}","templated":true}]}}